{"id":3656,"date":"2018-07-29T15:15:47","date_gmt":"2018-07-29T12:15:47","guid":{"rendered":"http:\/\/www.rankasskola.lv\/?page_id=3656"},"modified":"2018-08-02T19:46:30","modified_gmt":"2018-08-02T16:46:30","slug":"sed-uz-slieksna-pasacina-nometne-2018-g","status":"publish","type":"page","link":"https:\/\/www.rankasskola.lv\/en\/sed-uz-slieksna-pasacina-nometne-2018-g\/","title":{"rendered":"S\u0113d uz sliek\u0161\u0146a pasaci\u0146a &#8211; NOMETNE 2018.g."},"content":{"rendered":"<p><img data-opt-id=1602341854  fetchpriority=\"high\" decoding=\"async\" class=\"wp-image-3683 size-full aligncenter\" src=\"https:\/\/mlobv5aqrlia.i.optimole.com\/w:auto\/h:auto\/q:mauto\/ig:avif\/http:\/\/www.rankasskola.lv\/wp-content\/uploads\/2018\/07\/logo.png\" alt=\"\" width=\"562\" height=\"153\" srcset=\"https:\/\/mlobv5aqrlia.i.optimole.com\/w:562\/h:153\/q:mauto\/ig:avif\/https:\/\/www.rankasskola.lv\/wp-content\/uploads\/2018\/07\/logo.png 562w, https:\/\/mlobv5aqrlia.i.optimole.com\/w:300\/h:82\/q:mauto\/ig:avif\/https:\/\/www.rankasskola.lv\/wp-content\/uploads\/2018\/07\/logo.png 300w\" sizes=\"(max-width: 562px) 100vw, 562px\" \/><img data-opt-id=1069230443  fetchpriority=\"high\" decoding=\"async\" class=\"wp-image-3718 aligncenter\" src=\"https:\/\/mlobv5aqrlia.i.optimole.com\/w:300\/h:217\/q:mauto\/ig:avif\/http:\/\/www.rankasskola.lv\/wp-content\/uploads\/2018\/08\/Dems_jauns.jpg\" alt=\"\" width=\"105\" height=\"76\" srcset=\"https:\/\/mlobv5aqrlia.i.optimole.com\/w:300\/h:217\/q:mauto\/ig:avif\/https:\/\/www.rankasskola.lv\/wp-content\/uploads\/2018\/08\/Dems_jauns.jpg 300w, https:\/\/mlobv5aqrlia.i.optimole.com\/w:768\/h:555\/q:mauto\/ig:avif\/https:\/\/www.rankasskola.lv\/wp-content\/uploads\/2018\/08\/Dems_jauns.jpg 768w, https:\/\/mlobv5aqrlia.i.optimole.com\/w:1024\/h:740\/q:mauto\/ig:avif\/https:\/\/www.rankasskola.lv\/wp-content\/uploads\/2018\/08\/Dems_jauns.jpg 1024w, https:\/\/mlobv5aqrlia.i.optimole.com\/w:624\/h:451\/q:mauto\/ig:avif\/https:\/\/www.rankasskola.lv\/wp-content\/uploads\/2018\/08\/Dems_jauns.jpg 624w\" sizes=\"(max-width: 105px) 100vw, 105px\" \/><\/p>\n<p style=\"text-align: center;\">Latvijas valsts bud\u017eeta finans\u0113t\u0101 programma \u201eAtbalsts diasporas un Latvijas b\u0113rnu kop\u0113j\u0101m nometn\u0113m\u201d projekta \u201cS\u0113d uz sliek\u0161\u0146a pasaci\u0146a\u201d ietvaros notiks nometne <strong>Gulbenes novada<\/strong> <strong>Rankas pamatskol\u0101 no 29. j\u016blija l\u012bdz 5. augustam.<\/strong><\/p>\n<p style=\"text-align: center;\">Nometnes \u201eS\u0113d uz sliek\u0161\u0146a pasaci\u0146a\u201d laik\u0101 dal\u012bbnieki iepaz\u012bsies ar latvie\u0161u b\u0113rnu rakstnieku &#8211; klasi\u0137u A.Brigaderes, A. Sakses, R.Blauma\u0146a, K.Skalbes liter\u0101raj\u0101m pasak\u0101m, k\u0101 ar\u012b m\u016bsdienu b\u0113rnu rakstniekiem un vi\u0146u darbiem ( ekskursijas uz T\u0113rveti, \u0112rg\u013ciem, Vecpiebalgu, savas filmas veido\u0161ana, komiksu z\u012bm\u0113\u0161ana, kolekt\u012bva latvie\u0161u tautas un liter\u0101ro pasaku las\u012b\u0161ana, darbo\u0161an\u0101s rado\u0161aj\u0101s darbn\u012bc\u0101s, dzied\u0101\u0161ana, deju, rota\u013cu m\u0101c\u012b\u0161an\u0101s, b\u0113rnu liter\u0101ro darbu iepaz\u012b\u0161ana). Aktivit\u0101\u0161u \u012bsteno\u0161anas rezult\u0101t\u0101 tiks att\u012bst\u012btas, pilnveidotas latvie\u0161u valodas prasmes,\u00a0 veicin\u0101ta b\u0113rnu interese par kult\u016bras mantojumu,\u00a0 k\u0101 ar\u012b sekm\u0113ta Latvijas v\u0113stures un valodas apguve.<\/p>\n<p><img data-opt-id=1534498072  data-opt-src=\"https:\/\/mlobv5aqrlia.i.optimole.com\/w:auto\/h:auto\/q:mauto\/ig:avif\/http:\/\/www.rankasskola.lv\/wp-content\/uploads\/2018\/07\/images.jpg\"  decoding=\"async\" class=\"size-full wp-image-3686 aligncenter\" src=\"data:image/svg+xml,%3Csvg%20viewBox%3D%220%200%20100%%20100%%22%20width%3D%22100%%22%20height%3D%22100%%22%20xmlns%3D%22http%3A%2F%2Fwww.w3.org%2F2000%2Fsvg%22%3E%3Crect%20width%3D%22100%%22%20height%3D%22100%%22%20fill%3D%22transparent%22%2F%3E%3C%2Fsvg%3E\" alt=\"\" width=\"298\" height=\"169\" \/><\/p>","protected":false},"excerpt":{"rendered":"<p>Latvijas valsts bud\u017eeta finans\u0113t\u0101 programma \u201eAtbalsts diasporas un Latvijas b\u0113rnu kop\u0113j\u0101m nometn\u0113m\u201d projekta \u201cS\u0113d uz sliek\u0161\u0146a pasaci\u0146a\u201d ietvaros notiks nometne Gulbenes novada Rankas pamatskol\u0101 no 29. j\u016blija l\u012bdz 5. augustam. Nometnes \u201eS\u0113d uz sliek\u0161\u0146a pasaci\u0146a\u201d laik\u0101 dal\u012bbnieki iepaz\u012bsies ar latvie\u0161u b\u0113rnu rakstnieku &#8211; klasi\u0137u A.Brigaderes, A. Sakses, R.Blauma\u0146a, K.Skalbes liter\u0101raj\u0101m pasak\u0101m, k\u0101 ar\u012b m\u016bsdienu b\u0113rnu [&hellip;]<\/p>\n","protected":false},"author":7,"featured_media":0,"parent":0,"menu_order":0,"comment_status":"closed","ping_status":"closed","template":"","meta":{"_uag_custom_page_level_css":"","site-sidebar-layout":"default","site-content-layout":"","ast-site-content-layout":"default","site-content-style":"default","site-sidebar-style":"default","ast-global-header-display":"","ast-banner-title-visibility":"","ast-main-header-display":"","ast-hfb-above-header-display":"","ast-hfb-below-header-display":"","ast-hfb-mobile-header-display":"","site-post-title":"","ast-breadcrumbs-content":"","ast-featured-img":"","footer-sml-layout":"","ast-disable-related-posts":"","theme-transparent-header-meta":"","adv-header-id-meta":"","stick-header-meta":"","header-above-stick-meta":"","header-main-stick-meta":"","header-below-stick-meta":"","astra-migrate-meta-layouts":"default","ast-page-background-enabled":"default","ast-page-background-meta":{"desktop":{"background-color":"var(--ast-global-color-4)","background-image":"","background-repeat":"repeat","background-position":"center center","background-size":"auto","background-attachment":"scroll","background-type":"","background-media":"","overlay-type":"","overlay-color":"","overlay-opacity":"","overlay-gradient":""},"tablet":{"background-color":"","background-image":"","background-repeat":"repeat","background-position":"center center","background-size":"auto","background-attachment":"scroll","background-type":"","background-media":"","overlay-type":"","overlay-color":"","overlay-opacity":"","overlay-gradient":""},"mobile":{"background-color":"","background-image":"","background-repeat":"repeat","background-position":"center center","background-size":"auto","background-attachment":"scroll","background-type":"","background-media":"","overlay-type":"","overlay-color":"","overlay-opacity":"","overlay-gradient":""}},"ast-content-background-meta":{"desktop":{"background-color":"var(--ast-global-color-5)","background-image":"","background-repeat":"repeat","background-position":"center center","background-size":"auto","background-attachment":"scroll","background-type":"","background-media":"","overlay-type":"","overlay-color":"","overlay-opacity":"","overlay-gradient":""},"tablet":{"background-color":"var(--ast-global-color-5)","background-image":"","background-repeat":"repeat","background-position":"center center","background-size":"auto","background-attachment":"scroll","background-type":"","background-media":"","overlay-type":"","overlay-color":"","overlay-opacity":"","overlay-gradient":""},"mobile":{"background-color":"var(--ast-global-color-5)","background-image":"","background-repeat":"repeat","background-position":"center center","background-size":"auto","background-attachment":"scroll","background-type":"","background-media":"","overlay-type":"","overlay-color":"","overlay-opacity":"","overlay-gradient":""}},"_themeisle_gutenberg_block_has_review":false,"footnotes":""},"class_list":["post-3656","page","type-page","status-publish","hentry"],"acf":[],"uagb_featured_image_src":{"full":false,"thumbnail":false,"medium":false,"medium_large":false,"large":false,"1536x1536":false,"2048x2048":false,"trp-custom-language-flag":false},"uagb_author_info":{"display_name":false,"author_link":"https:\/\/www.rankasskola.lv\/en\/author\/sigita\/"},"uagb_comment_info":0,"uagb_excerpt":"Latvijas valsts bud\u017eeta finans\u0113t\u0101 programma \u201eAtbalsts diasporas un Latvijas b\u0113rnu kop\u0113j\u0101m nometn\u0113m\u201d projekta \u201cS\u0113d uz sliek\u0161\u0146a pasaci\u0146a\u201d ietvaros notiks nometne Gulbenes novada Rankas pamatskol\u0101 no 29. j\u016blija l\u012bdz 5. augustam. Nometnes \u201eS\u0113d uz sliek\u0161\u0146a pasaci\u0146a\u201d laik\u0101 dal\u012bbnieki iepaz\u012bsies ar latvie\u0161u b\u0113rnu rakstnieku &#8211; klasi\u0137u A.Brigaderes, A. Sakses, R.Blauma\u0146a, K.Skalbes liter\u0101raj\u0101m pasak\u0101m, k\u0101 ar\u012b m\u016bsdienu b\u0113rnu&hellip;","_links":{"self":[{"href":"https:\/\/www.rankasskola.lv\/en\/wp-json\/wp\/v2\/pages\/3656","targetHints":{"allow":["GET"]}}],"collection":[{"href":"https:\/\/www.rankasskola.lv\/en\/wp-json\/wp\/v2\/pages"}],"about":[{"href":"https:\/\/www.rankasskola.lv\/en\/wp-json\/wp\/v2\/types\/page"}],"author":[{"embeddable":true,"href":"https:\/\/www.rankasskola.lv\/en\/wp-json\/wp\/v2\/users\/7"}],"replies":[{"embeddable":true,"href":"https:\/\/www.rankasskola.lv\/en\/wp-json\/wp\/v2\/comments?post=3656"}],"version-history":[{"count":5,"href":"https:\/\/www.rankasskola.lv\/en\/wp-json\/wp\/v2\/pages\/3656\/revisions"}],"predecessor-version":[{"id":3719,"href":"https:\/\/www.rankasskola.lv\/en\/wp-json\/wp\/v2\/pages\/3656\/revisions\/3719"}],"wp:attachment":[{"href":"https:\/\/www.rankasskola.lv\/en\/wp-json\/wp\/v2\/media?parent=3656"}],"curies":[{"name":"wp","href":"https:\/\/api.w.org\/{rel}","templated":true}]}}